{"id":21,"date":"2019-04-06T23:07:50","date_gmt":"2019-04-06T23:07:50","guid":{"rendered":"https:\/\/fesselhaus.com\/?page_id=21"},"modified":"2024-02-29T12:09:45","modified_gmt":"2024-02-29T12:09:45","slug":"ein-startseiten-abschnitt","status":"publish","type":"page","link":"https:\/\/fesselhaus.com\/index.php\/ein-startseiten-abschnitt\/","title":{"rendered":"Das Haus"},"content":{"rendered":"<p>In diesem Haus er\u00f6ffnet sich eine Welt voller Fesselnder M\u00f6glichkeiten. Jedes bespielbare Zimmer ist individuell ausgestattet und gestaltet, bietet unterschiedliche Stationen, die speziell vorbereitet wurden, um Fesselspiele auf ein neues Niveau zu heben. In jedem Winkel sind Befestigungsm\u00f6glichkeiten, Haken und \u00d6sen an den W\u00e4nden zu finden. Spielsachen und Spiel M\u00f6bel die einladen darauf und damit fixiert zu werden finden sich \u00fcberall. Das Haus ist als Paradies f\u00fcr Liebhaber dieser besonderen Kunstform gestaltet, jede Ecke wurde mit nur eins im Sinn geplant: Die Fantasie zu befl\u00fcgeln um fesseln und gefesselt zu werden. Designt um unvergessliche Erlebnisse zu schaffen.<\/p>\n","protected":false},"excerpt":{"rendered":"<p>In diesem Haus er\u00f6ffnet sich eine Welt voller Fesselnder M\u00f6glichkeiten. Jedes bespielbare Zimmer ist individuell ausgestattet und gestaltet, bietet unterschiedliche Stationen, die speziell vorbereitet wurden, um Fesselspiele auf ein neues Niveau zu heben. In&#46;&#46;&#46;<\/p>\n","protected":false},"author":1,"featured_media":51,"parent":0,"menu_order":0,"comment_status":"closed","ping_status":"closed","template":"","meta":{"footnotes":""},"jetpack_sharing_enabled":true,"_links":{"self":[{"href":"https:\/\/fesselhaus.com\/index.php\/wp-json\/wp\/v2\/pages\/21"}],"collection":[{"href":"https:\/\/fesselhaus.com\/index.php\/wp-json\/wp\/v2\/pages"}],"about":[{"href":"https:\/\/fesselhaus.com\/index.php\/wp-json\/wp\/v2\/types\/page"}],"author":[{"embeddable":true,"href":"https:\/\/fesselhaus.com\/index.php\/wp-json\/wp\/v2\/users\/1"}],"replies":[{"embeddable":true,"href":"https:\/\/fesselhaus.com\/index.php\/wp-json\/wp\/v2\/comments?post=21"}],"version-history":[{"count":5,"href":"https:\/\/fesselhaus.com\/index.php\/wp-json\/wp\/v2\/pages\/21\/revisions"}],"predecessor-version":[{"id":63,"href":"https:\/\/fesselhaus.com\/index.php\/wp-json\/wp\/v2\/pages\/21\/revisions\/63"}],"wp:featuredmedia":[{"embeddable":true,"href":"https:\/\/fesselhaus.com\/index.php\/wp-json\/wp\/v2\/media\/51"}],"wp:attachment":[{"href":"https:\/\/fesselhaus.com\/index.php\/wp-json\/wp\/v2\/media?parent=21"}],"curies":[{"name":"wp","href":"https:\/\/api.w.org\/{rel}","templated":true}]}}